{"id":685,"date":"2020-05-10T19:20:18","date_gmt":"2020-05-10T17:20:18","guid":{"rendered":"https:\/\/www.electroson.fr\/?page_id=685"},"modified":"2023-03-09T23:46:35","modified_gmt":"2023-03-09T22:46:35","slug":"les-parcours-de-lumiere","status":"publish","type":"page","link":"https:\/\/www.electroson.fr\/en\/les-parcours-de-lumiere\/","title":{"rendered":"Night Illuminated Paths"},"content":{"rendered":"","protected":false},"excerpt":{"rendered":"","protected":false},"author":1,"featured_media":0,"parent":0,"menu_order":0,"comment_status":"closed","ping_status":"closed","template":"template-page-2022.php","meta":{"_acf_changed":false,"_exactmetrics_skip_tracking":false,"_exactmetrics_sitenote_active":false,"_exactmetrics_sitenote_note":"","_exactmetrics_sitenote_category":0},"class_list":["post-685","page","type-page","status-publish","hentry"],"acf":[],"yoast_head":"<!-- This site is optimized with the Yoast SEO plugin v27.3 - https:\/\/yoast.com\/product\/yoast-seo-wordpress\/ -->\n<title>Electroson Studio - Cr\u00e9ateurs de mappings vid\u00e9o &#8211; Les Parcours De Lumi\u00e8re<\/title>\n<meta name=\"description\" content=\"Afin de g\u00e9rer la circulation des passants de mani\u00e8re fluide, les parcours de lumi\u00e8re repr\u00e9sentent une solution id\u00e9ale adapt\u00e9e aux nouvelles r\u00e8gles sanitaires permettant d\u2019assister \u00e0 des projections en plein air en toute s\u00e9curit\u00e9\" \/>\n<meta name=\"robots\" content=\"index, follow, max-snippet:-1, max-image-preview:large, max-video-preview:-1\" \/>\n<link rel=\"canonical\" href=\"https:\/\/www.electroson.fr\/en\/les-parcours-de-lumiere\/\" \/>\n<meta property=\"og:locale\" content=\"en_US\" \/>\n<meta property=\"og:type\" content=\"article\" \/>\n<meta property=\"og:title\" content=\"Electroson Studio - Cr\u00e9ateurs de mappings vid\u00e9o &#8211; Les Parcours De Lumi\u00e8re\" \/>\n<meta property=\"og:description\" content=\"Afin de g\u00e9rer la circulation des passants de mani\u00e8re fluide, les parcours de lumi\u00e8re repr\u00e9sentent une solution id\u00e9ale adapt\u00e9e aux nouvelles r\u00e8gles sanitaires permettant d\u2019assister \u00e0 des projections en plein air en toute s\u00e9curit\u00e9\" \/>\n<meta property=\"og:url\" content=\"https:\/\/www.electroson.fr\/en\/les-parcours-de-lumiere\/\" \/>\n<meta property=\"og:site_name\" content=\"Electroson Studio - Cr\u00e9ateurs de mappings vid\u00e9o\" \/>\n<meta property=\"article:publisher\" content=\"https:\/\/www.facebook.com\/electroson.studio\" \/>\n<meta property=\"article:modified_time\" content=\"2023-03-09T22:46:35+00:00\" \/>\n<meta name=\"twitter:card\" content=\"summary_large_image\" \/>\n<script type=\"application\/ld+json\" class=\"yoast-schema-graph\">{\"@context\":\"https:\\\/\\\/schema.org\",\"@graph\":[{\"@type\":\"WebPage\",\"@id\":\"https:\\\/\\\/www.electroson.fr\\\/les-parcours-de-lumiere\\\/\",\"url\":\"https:\\\/\\\/www.electroson.fr\\\/les-parcours-de-lumiere\\\/\",\"name\":\"Electroson Studio - Cr\u00e9ateurs de mappings vid\u00e9o &#8211; Les Parcours De Lumi\u00e8re\",\"isPartOf\":{\"@id\":\"https:\\\/\\\/www.electroson.fr\\\/#website\"},\"datePublished\":\"2020-05-10T17:20:18+00:00\",\"dateModified\":\"2023-03-09T22:46:35+00:00\",\"description\":\"Afin de g\u00e9rer la circulation des passants de mani\u00e8re fluide, les parcours de lumi\u00e8re repr\u00e9sentent une solution id\u00e9ale adapt\u00e9e aux nouvelles r\u00e8gles sanitaires permettant d\u2019assister \u00e0 des projections en plein air en toute s\u00e9curit\u00e9\",\"breadcrumb\":{\"@id\":\"https:\\\/\\\/www.electroson.fr\\\/les-parcours-de-lumiere\\\/#breadcrumb\"},\"inLanguage\":\"en-US\",\"potentialAction\":[{\"@type\":\"ReadAction\",\"target\":[\"https:\\\/\\\/www.electroson.fr\\\/les-parcours-de-lumiere\\\/\"]}]},{\"@type\":\"BreadcrumbList\",\"@id\":\"https:\\\/\\\/www.electroson.fr\\\/les-parcours-de-lumiere\\\/#breadcrumb\",\"itemListElement\":[{\"@type\":\"ListItem\",\"position\":1,\"name\":\"Home\",\"item\":\"https:\\\/\\\/www.electroson.fr\\\/\"},{\"@type\":\"ListItem\",\"position\":2,\"name\":\"Les Parcours De Lumi\u00e8re\"}]},{\"@type\":\"WebSite\",\"@id\":\"https:\\\/\\\/www.electroson.fr\\\/#website\",\"url\":\"https:\\\/\\\/www.electroson.fr\\\/\",\"name\":\"Electroson Studio - Cr\u00e9ateurs de mappings vid\u00e9o\",\"description\":\"\",\"publisher\":{\"@id\":\"https:\\\/\\\/www.electroson.fr\\\/#organization\"},\"potentialAction\":[{\"@type\":\"SearchAction\",\"target\":{\"@type\":\"EntryPoint\",\"urlTemplate\":\"https:\\\/\\\/www.electroson.fr\\\/?s={search_term_string}\"},\"query-input\":{\"@type\":\"PropertyValueSpecification\",\"valueRequired\":true,\"valueName\":\"search_term_string\"}}],\"inLanguage\":\"en-US\"},{\"@type\":\"Organization\",\"@id\":\"https:\\\/\\\/www.electroson.fr\\\/#organization\",\"name\":\"Electroson Studio\",\"url\":\"https:\\\/\\\/www.electroson.fr\\\/\",\"logo\":{\"@type\":\"ImageObject\",\"inLanguage\":\"en-US\",\"@id\":\"https:\\\/\\\/www.electroson.fr\\\/#\\\/schema\\\/logo\\\/image\\\/\",\"url\":\"https:\\\/\\\/www.electroson.fr\\\/wp-content\\\/uploads\\\/2020\\\/05\\\/Logo-Electroson-Studio-2018-noir-transparent-grand.png\",\"contentUrl\":\"https:\\\/\\\/www.electroson.fr\\\/wp-content\\\/uploads\\\/2020\\\/05\\\/Logo-Electroson-Studio-2018-noir-transparent-grand.png\",\"width\":5400,\"height\":1440,\"caption\":\"Electroson Studio\"},\"image\":{\"@id\":\"https:\\\/\\\/www.electroson.fr\\\/#\\\/schema\\\/logo\\\/image\\\/\"},\"sameAs\":[\"https:\\\/\\\/www.facebook.com\\\/electroson.studio\",\"https:\\\/\\\/www.instagram.com\\\/electroson\\\/\",\"https:\\\/\\\/www.linkedin.com\\\/company\\\/electroson-studio\\\/\",\"https:\\\/\\\/www.youtube.com\\\/channel\\\/UCNweWo9JNw2byoR46hVcdSQ\\\/videos\"]}]}<\/script>\n<!-- \/ Yoast SEO plugin. -->","yoast_head_json":{"title":"Electroson Studio - Cr\u00e9ateurs de mappings vid\u00e9o &#8211; Les Parcours De Lumi\u00e8re","description":"Afin de g\u00e9rer la circulation des passants de mani\u00e8re fluide, les parcours de lumi\u00e8re repr\u00e9sentent une solution id\u00e9ale adapt\u00e9e aux nouvelles r\u00e8gles sanitaires permettant d\u2019assister \u00e0 des projections en plein air en toute s\u00e9curit\u00e9","robots":{"index":"index","follow":"follow","max-snippet":"max-snippet:-1","max-image-preview":"max-image-preview:large","max-video-preview":"max-video-preview:-1"},"canonical":"https:\/\/www.electroson.fr\/en\/les-parcours-de-lumiere\/","og_locale":"en_US","og_type":"article","og_title":"Electroson Studio - Cr\u00e9ateurs de mappings vid\u00e9o &#8211; Les Parcours De Lumi\u00e8re","og_description":"Afin de g\u00e9rer la circulation des passants de mani\u00e8re fluide, les parcours de lumi\u00e8re repr\u00e9sentent une solution id\u00e9ale adapt\u00e9e aux nouvelles r\u00e8gles sanitaires permettant d\u2019assister \u00e0 des projections en plein air en toute s\u00e9curit\u00e9","og_url":"https:\/\/www.electroson.fr\/en\/les-parcours-de-lumiere\/","og_site_name":"Electroson Studio - Cr\u00e9ateurs de mappings vid\u00e9o","article_publisher":"https:\/\/www.facebook.com\/electroson.studio","article_modified_time":"2023-03-09T22:46:35+00:00","twitter_card":"summary_large_image","schema":{"@context":"https:\/\/schema.org","@graph":[{"@type":"WebPage","@id":"https:\/\/www.electroson.fr\/les-parcours-de-lumiere\/","url":"https:\/\/www.electroson.fr\/les-parcours-de-lumiere\/","name":"Electroson Studio - Cr\u00e9ateurs de mappings vid\u00e9o &#8211; Les Parcours De Lumi\u00e8re","isPartOf":{"@id":"https:\/\/www.electroson.fr\/#website"},"datePublished":"2020-05-10T17:20:18+00:00","dateModified":"2023-03-09T22:46:35+00:00","description":"Afin de g\u00e9rer la circulation des passants de mani\u00e8re fluide, les parcours de lumi\u00e8re repr\u00e9sentent une solution id\u00e9ale adapt\u00e9e aux nouvelles r\u00e8gles sanitaires permettant d\u2019assister \u00e0 des projections en plein air en toute s\u00e9curit\u00e9","breadcrumb":{"@id":"https:\/\/www.electroson.fr\/les-parcours-de-lumiere\/#breadcrumb"},"inLanguage":"en-US","potentialAction":[{"@type":"ReadAction","target":["https:\/\/www.electroson.fr\/les-parcours-de-lumiere\/"]}]},{"@type":"BreadcrumbList","@id":"https:\/\/www.electroson.fr\/les-parcours-de-lumiere\/#breadcrumb","itemListElement":[{"@type":"ListItem","position":1,"name":"Home","item":"https:\/\/www.electroson.fr\/"},{"@type":"ListItem","position":2,"name":"Les Parcours De Lumi\u00e8re"}]},{"@type":"WebSite","@id":"https:\/\/www.electroson.fr\/#website","url":"https:\/\/www.electroson.fr\/","name":"Electroson Studio - Creators of video mappings","description":"","publisher":{"@id":"https:\/\/www.electroson.fr\/#organization"},"potentialAction":[{"@type":"SearchAction","target":{"@type":"EntryPoint","urlTemplate":"https:\/\/www.electroson.fr\/?s={search_term_string}"},"query-input":{"@type":"PropertyValueSpecification","valueRequired":true,"valueName":"search_term_string"}}],"inLanguage":"en-US"},{"@type":"Organization","@id":"https:\/\/www.electroson.fr\/#organization","name":"Electroson Studio","url":"https:\/\/www.electroson.fr\/","logo":{"@type":"ImageObject","inLanguage":"en-US","@id":"https:\/\/www.electroson.fr\/#\/schema\/logo\/image\/","url":"https:\/\/www.electroson.fr\/wp-content\/uploads\/2020\/05\/Logo-Electroson-Studio-2018-noir-transparent-grand.png","contentUrl":"https:\/\/www.electroson.fr\/wp-content\/uploads\/2020\/05\/Logo-Electroson-Studio-2018-noir-transparent-grand.png","width":5400,"height":1440,"caption":"Electroson Studio"},"image":{"@id":"https:\/\/www.electroson.fr\/#\/schema\/logo\/image\/"},"sameAs":["https:\/\/www.facebook.com\/electroson.studio","https:\/\/www.instagram.com\/electroson\/","https:\/\/www.linkedin.com\/company\/electroson-studio\/","https:\/\/www.youtube.com\/channel\/UCNweWo9JNw2byoR46hVcdSQ\/videos"]}]}},"_links":{"self":[{"href":"https:\/\/www.electroson.fr\/en\/wp-json\/wp\/v2\/pages\/685","targetHints":{"allow":["GET"]}}],"collection":[{"href":"https:\/\/www.electroson.fr\/en\/wp-json\/wp\/v2\/pages"}],"about":[{"href":"https:\/\/www.electroson.fr\/en\/wp-json\/wp\/v2\/types\/page"}],"author":[{"embeddable":true,"href":"https:\/\/www.electroson.fr\/en\/wp-json\/wp\/v2\/users\/1"}],"replies":[{"embeddable":true,"href":"https:\/\/www.electroson.fr\/en\/wp-json\/wp\/v2\/comments?post=685"}],"version-history":[{"count":0,"href":"https:\/\/www.electroson.fr\/en\/wp-json\/wp\/v2\/pages\/685\/revisions"}],"wp:attachment":[{"href":"https:\/\/www.electroson.fr\/en\/wp-json\/wp\/v2\/media?parent=685"}],"curies":[{"name":"wp","href":"https:\/\/api.w.org\/{rel}","templated":true}]}}