{"id":653,"date":"2020-05-10T19:04:44","date_gmt":"2020-05-10T17:04:44","guid":{"rendered":"https:\/\/www.electroson.fr\/?page_id=653"},"modified":"2024-06-19T00:48:17","modified_gmt":"2024-06-18T22:48:17","slug":"les-dessins-interactifs","status":"publish","type":"page","link":"https:\/\/www.electroson.fr\/en\/les-dessins-interactifs\/","title":{"rendered":"Interactive Drawings"},"content":{"rendered":"","protected":false},"excerpt":{"rendered":"","protected":false},"author":1,"featured_media":0,"parent":0,"menu_order":0,"comment_status":"closed","ping_status":"closed","template":"","meta":{"_acf_changed":false,"_exactmetrics_skip_tracking":false,"_exactmetrics_sitenote_active":false,"_exactmetrics_sitenote_note":"","_exactmetrics_sitenote_category":0},"class_list":["post-653","page","type-page","status-publish","hentry"],"acf":[],"yoast_head":"<!-- This site is optimized with the Yoast SEO plugin v27.3 - https:\/\/yoast.com\/product\/yoast-seo-wordpress\/ -->\n<title>Electroson Studio - Cr\u00e9ateurs de mappings vid\u00e9o &#8211; Les Dessins Interactifs<\/title>\n<meta name=\"description\" content=\"Les ateliers vid\u00e9o ont \u00e9t\u00e9 cr\u00e9\u00e9s afin de faire participer les plus jeunes.Les enfants r\u00e9alisent les dessins encadr\u00e9s par un animateur ou un enseignant. 4. ADMIRER Projection des dessins r\u00e9alis\u00e9s sous forme de spectacle.\" \/>\n<meta name=\"robots\" content=\"index, follow, max-snippet:-1, max-image-preview:large, max-video-preview:-1\" \/>\n<link rel=\"canonical\" href=\"https:\/\/www.electroson.fr\/en\/les-dessins-interactifs\/\" \/>\n<meta property=\"og:locale\" content=\"en_US\" \/>\n<meta property=\"og:type\" content=\"article\" \/>\n<meta property=\"og:title\" content=\"Electroson Studio - Cr\u00e9ateurs de mappings vid\u00e9o &#8211; Les Dessins Interactifs\" \/>\n<meta property=\"og:description\" content=\"Les ateliers vid\u00e9o ont \u00e9t\u00e9 cr\u00e9\u00e9s afin de faire participer les plus jeunes.Les enfants r\u00e9alisent les dessins encadr\u00e9s par un animateur ou un enseignant. 4. ADMIRER Projection des dessins r\u00e9alis\u00e9s sous forme de spectacle.\" \/>\n<meta property=\"og:url\" content=\"https:\/\/www.electroson.fr\/en\/les-dessins-interactifs\/\" \/>\n<meta property=\"og:site_name\" content=\"Electroson Studio - Cr\u00e9ateurs de mappings vid\u00e9o\" \/>\n<meta property=\"article:publisher\" content=\"https:\/\/www.facebook.com\/electroson.studio\" \/>\n<meta property=\"article:modified_time\" content=\"2024-06-18T22:48:17+00:00\" \/>\n<meta name=\"twitter:card\" content=\"summary_large_image\" \/>\n<meta name=\"twitter:label1\" content=\"Est. reading time\" \/>\n\t<meta name=\"twitter:data1\" content=\"2 minutes\" \/>\n<script type=\"application\/ld+json\" class=\"yoast-schema-graph\">{\"@context\":\"https:\\\/\\\/schema.org\",\"@graph\":[{\"@type\":\"WebPage\",\"@id\":\"https:\\\/\\\/www.electroson.fr\\\/en\\\/les-dessins-interactifs\\\/\",\"url\":\"https:\\\/\\\/www.electroson.fr\\\/en\\\/les-dessins-interactifs\\\/\",\"name\":\"Electroson Studio - Cr\u00e9ateurs de mappings vid\u00e9o &#8211; Les Dessins Interactifs\",\"isPartOf\":{\"@id\":\"https:\\\/\\\/www.electroson.fr\\\/#website\"},\"datePublished\":\"2020-05-10T17:04:44+00:00\",\"dateModified\":\"2024-06-18T22:48:17+00:00\",\"description\":\"Les ateliers vid\u00e9o ont \u00e9t\u00e9 cr\u00e9\u00e9s afin de faire participer les plus jeunes.Les enfants r\u00e9alisent les dessins encadr\u00e9s par un animateur ou un enseignant. 4. ADMIRER Projection des dessins r\u00e9alis\u00e9s sous forme de spectacle.\",\"breadcrumb\":{\"@id\":\"https:\\\/\\\/www.electroson.fr\\\/en\\\/les-dessins-interactifs\\\/#breadcrumb\"},\"inLanguage\":\"en-US\",\"potentialAction\":[{\"@type\":\"ReadAction\",\"target\":[\"https:\\\/\\\/www.electroson.fr\\\/en\\\/les-dessins-interactifs\\\/\"]}]},{\"@type\":\"BreadcrumbList\",\"@id\":\"https:\\\/\\\/www.electroson.fr\\\/en\\\/les-dessins-interactifs\\\/#breadcrumb\",\"itemListElement\":[{\"@type\":\"ListItem\",\"position\":1,\"name\":\"Home\",\"item\":\"https:\\\/\\\/www.electroson.fr\\\/\"},{\"@type\":\"ListItem\",\"position\":2,\"name\":\"Les Dessins Interactifs\"}]},{\"@type\":\"WebSite\",\"@id\":\"https:\\\/\\\/www.electroson.fr\\\/#website\",\"url\":\"https:\\\/\\\/www.electroson.fr\\\/\",\"name\":\"Electroson Studio - Cr\u00e9ateurs de mappings vid\u00e9o\",\"description\":\"\",\"publisher\":{\"@id\":\"https:\\\/\\\/www.electroson.fr\\\/#organization\"},\"potentialAction\":[{\"@type\":\"SearchAction\",\"target\":{\"@type\":\"EntryPoint\",\"urlTemplate\":\"https:\\\/\\\/www.electroson.fr\\\/?s={search_term_string}\"},\"query-input\":{\"@type\":\"PropertyValueSpecification\",\"valueRequired\":true,\"valueName\":\"search_term_string\"}}],\"inLanguage\":\"en-US\"},{\"@type\":\"Organization\",\"@id\":\"https:\\\/\\\/www.electroson.fr\\\/#organization\",\"name\":\"Electroson Studio\",\"url\":\"https:\\\/\\\/www.electroson.fr\\\/\",\"logo\":{\"@type\":\"ImageObject\",\"inLanguage\":\"en-US\",\"@id\":\"https:\\\/\\\/www.electroson.fr\\\/#\\\/schema\\\/logo\\\/image\\\/\",\"url\":\"https:\\\/\\\/www.electroson.fr\\\/wp-content\\\/uploads\\\/2020\\\/05\\\/Logo-Electroson-Studio-2018-noir-transparent-grand.png\",\"contentUrl\":\"https:\\\/\\\/www.electroson.fr\\\/wp-content\\\/uploads\\\/2020\\\/05\\\/Logo-Electroson-Studio-2018-noir-transparent-grand.png\",\"width\":5400,\"height\":1440,\"caption\":\"Electroson Studio\"},\"image\":{\"@id\":\"https:\\\/\\\/www.electroson.fr\\\/#\\\/schema\\\/logo\\\/image\\\/\"},\"sameAs\":[\"https:\\\/\\\/www.facebook.com\\\/electroson.studio\",\"https:\\\/\\\/www.instagram.com\\\/electroson\\\/\",\"https:\\\/\\\/www.linkedin.com\\\/company\\\/electroson-studio\\\/\",\"https:\\\/\\\/www.youtube.com\\\/channel\\\/UCNweWo9JNw2byoR46hVcdSQ\\\/videos\"]}]}<\/script>\n<!-- \/ Yoast SEO plugin. -->","yoast_head_json":{"title":"Electroson Studio - Cr\u00e9ateurs de mappings vid\u00e9o &#8211; Les Dessins Interactifs","description":"Les ateliers vid\u00e9o ont \u00e9t\u00e9 cr\u00e9\u00e9s afin de faire participer les plus jeunes.Les enfants r\u00e9alisent les dessins encadr\u00e9s par un animateur ou un enseignant. 4. ADMIRER Projection des dessins r\u00e9alis\u00e9s sous forme de spectacle.","robots":{"index":"index","follow":"follow","max-snippet":"max-snippet:-1","max-image-preview":"max-image-preview:large","max-video-preview":"max-video-preview:-1"},"canonical":"https:\/\/www.electroson.fr\/en\/les-dessins-interactifs\/","og_locale":"en_US","og_type":"article","og_title":"Electroson Studio - Cr\u00e9ateurs de mappings vid\u00e9o &#8211; Les Dessins Interactifs","og_description":"Les ateliers vid\u00e9o ont \u00e9t\u00e9 cr\u00e9\u00e9s afin de faire participer les plus jeunes.Les enfants r\u00e9alisent les dessins encadr\u00e9s par un animateur ou un enseignant. 4. ADMIRER Projection des dessins r\u00e9alis\u00e9s sous forme de spectacle.","og_url":"https:\/\/www.electroson.fr\/en\/les-dessins-interactifs\/","og_site_name":"Electroson Studio - Cr\u00e9ateurs de mappings vid\u00e9o","article_publisher":"https:\/\/www.facebook.com\/electroson.studio","article_modified_time":"2024-06-18T22:48:17+00:00","twitter_card":"summary_large_image","twitter_misc":{"Est. reading time":"2 minutes"},"schema":{"@context":"https:\/\/schema.org","@graph":[{"@type":"WebPage","@id":"https:\/\/www.electroson.fr\/en\/les-dessins-interactifs\/","url":"https:\/\/www.electroson.fr\/en\/les-dessins-interactifs\/","name":"Electroson Studio - Cr\u00e9ateurs de mappings vid\u00e9o &#8211; Les Dessins Interactifs","isPartOf":{"@id":"https:\/\/www.electroson.fr\/#website"},"datePublished":"2020-05-10T17:04:44+00:00","dateModified":"2024-06-18T22:48:17+00:00","description":"Les ateliers vid\u00e9o ont \u00e9t\u00e9 cr\u00e9\u00e9s afin de faire participer les plus jeunes.Les enfants r\u00e9alisent les dessins encadr\u00e9s par un animateur ou un enseignant. 4. ADMIRER Projection des dessins r\u00e9alis\u00e9s sous forme de spectacle.","breadcrumb":{"@id":"https:\/\/www.electroson.fr\/en\/les-dessins-interactifs\/#breadcrumb"},"inLanguage":"en-US","potentialAction":[{"@type":"ReadAction","target":["https:\/\/www.electroson.fr\/en\/les-dessins-interactifs\/"]}]},{"@type":"BreadcrumbList","@id":"https:\/\/www.electroson.fr\/en\/les-dessins-interactifs\/#breadcrumb","itemListElement":[{"@type":"ListItem","position":1,"name":"Home","item":"https:\/\/www.electroson.fr\/"},{"@type":"ListItem","position":2,"name":"Les Dessins Interactifs"}]},{"@type":"WebSite","@id":"https:\/\/www.electroson.fr\/#website","url":"https:\/\/www.electroson.fr\/","name":"Electroson Studio - Creators of video mappings","description":"","publisher":{"@id":"https:\/\/www.electroson.fr\/#organization"},"potentialAction":[{"@type":"SearchAction","target":{"@type":"EntryPoint","urlTemplate":"https:\/\/www.electroson.fr\/?s={search_term_string}"},"query-input":{"@type":"PropertyValueSpecification","valueRequired":true,"valueName":"search_term_string"}}],"inLanguage":"en-US"},{"@type":"Organization","@id":"https:\/\/www.electroson.fr\/#organization","name":"Electroson Studio","url":"https:\/\/www.electroson.fr\/","logo":{"@type":"ImageObject","inLanguage":"en-US","@id":"https:\/\/www.electroson.fr\/#\/schema\/logo\/image\/","url":"https:\/\/www.electroson.fr\/wp-content\/uploads\/2020\/05\/Logo-Electroson-Studio-2018-noir-transparent-grand.png","contentUrl":"https:\/\/www.electroson.fr\/wp-content\/uploads\/2020\/05\/Logo-Electroson-Studio-2018-noir-transparent-grand.png","width":5400,"height":1440,"caption":"Electroson Studio"},"image":{"@id":"https:\/\/www.electroson.fr\/#\/schema\/logo\/image\/"},"sameAs":["https:\/\/www.facebook.com\/electroson.studio","https:\/\/www.instagram.com\/electroson\/","https:\/\/www.linkedin.com\/company\/electroson-studio\/","https:\/\/www.youtube.com\/channel\/UCNweWo9JNw2byoR46hVcdSQ\/videos"]}]}},"_links":{"self":[{"href":"https:\/\/www.electroson.fr\/en\/wp-json\/wp\/v2\/pages\/653","targetHints":{"allow":["GET"]}}],"collection":[{"href":"https:\/\/www.electroson.fr\/en\/wp-json\/wp\/v2\/pages"}],"about":[{"href":"https:\/\/www.electroson.fr\/en\/wp-json\/wp\/v2\/types\/page"}],"author":[{"embeddable":true,"href":"https:\/\/www.electroson.fr\/en\/wp-json\/wp\/v2\/users\/1"}],"replies":[{"embeddable":true,"href":"https:\/\/www.electroson.fr\/en\/wp-json\/wp\/v2\/comments?post=653"}],"version-history":[{"count":1,"href":"https:\/\/www.electroson.fr\/en\/wp-json\/wp\/v2\/pages\/653\/revisions"}],"predecessor-version":[{"id":2267,"href":"https:\/\/www.electroson.fr\/en\/wp-json\/wp\/v2\/pages\/653\/revisions\/2267"}],"wp:attachment":[{"href":"https:\/\/www.electroson.fr\/en\/wp-json\/wp\/v2\/media?parent=653"}],"curies":[{"name":"wp","href":"https:\/\/api.w.org\/{rel}","templated":true}]}}