{"id":12,"date":"2018-09-06T21:02:39","date_gmt":"2018-09-06T19:02:39","guid":{"rendered":"http:\/\/electroson.fr\/wordpress\/?page_id=12"},"modified":"2024-03-25T10:22:00","modified_gmt":"2024-03-25T09:22:00","slug":"accueil","status":"publish","type":"page","link":"https:\/\/www.electroson.fr\/en\/","title":{"rendered":"Home"},"content":{"rendered":"","protected":false},"excerpt":{"rendered":"","protected":false},"author":1,"featured_media":0,"parent":0,"menu_order":0,"comment_status":"closed","ping_status":"closed","template":"","meta":{"_acf_changed":false,"_exactmetrics_skip_tracking":false,"_exactmetrics_sitenote_active":false,"_exactmetrics_sitenote_note":"","_exactmetrics_sitenote_category":0},"class_list":["post-12","page","type-page","status-publish","hentry"],"acf":[],"yoast_head":"<!-- This site is optimized with the Yoast SEO plugin v27.3 - https:\/\/yoast.com\/product\/yoast-seo-wordpress\/ -->\n<title>Electroson Studio - Cr\u00e9ateurs de mappings vid\u00e9o &#8211; Accueil<\/title>\n<meta name=\"description\" content=\"Cr\u00e9ation graphique 2D et 3D, sound design, projections architecturales, parcours de lumi\u00e8res, mapping interactif, ateliers vid\u00e9o, mappings permanents, \u00e9v\u00e9nements et installations lumineuses avec tubes de leds 3D et boules de leds\" \/>\n<meta name=\"robots\" content=\"index, follow, max-snippet:-1, max-image-preview:large, max-video-preview:-1\" \/>\n<link rel=\"canonical\" href=\"https:\/\/www.electroson.fr\/en\/\" \/>\n<meta property=\"og:locale\" content=\"en_US\" \/>\n<meta property=\"og:type\" content=\"article\" \/>\n<meta property=\"og:title\" content=\"Electroson Studio - Cr\u00e9ateurs de mappings vid\u00e9o &#8211; Accueil\" \/>\n<meta property=\"og:description\" content=\"Cr\u00e9ation graphique 2D et 3D, sound design, projections architecturales, parcours de lumi\u00e8res, mapping interactif, ateliers vid\u00e9o, mappings permanents, \u00e9v\u00e9nements et installations lumineuses avec tubes de leds 3D et boules de leds\" \/>\n<meta property=\"og:url\" content=\"https:\/\/www.electroson.fr\/en\/\" \/>\n<meta property=\"og:site_name\" content=\"Electroson Studio - Cr\u00e9ateurs de mappings vid\u00e9o\" \/>\n<meta property=\"article:publisher\" content=\"https:\/\/www.facebook.com\/electroson.studio\" \/>\n<meta property=\"article:modified_time\" content=\"2024-03-25T09:22:00+00:00\" \/>\n<meta name=\"twitter:card\" content=\"summary_large_image\" \/>\n<meta name=\"twitter:label1\" content=\"Est. reading time\" \/>\n\t<meta name=\"twitter:data1\" content=\"14 minutes\" \/>\n<script type=\"application\/ld+json\" class=\"yoast-schema-graph\">{\"@context\":\"https:\\\/\\\/schema.org\",\"@graph\":[{\"@type\":\"WebPage\",\"@id\":\"https:\\\/\\\/www.electroson.fr\\\/\",\"url\":\"https:\\\/\\\/www.electroson.fr\\\/\",\"name\":\"Electroson Studio - Cr\u00e9ateurs de mappings vid\u00e9o &#8211; Accueil\",\"isPartOf\":{\"@id\":\"https:\\\/\\\/www.electroson.fr\\\/#website\"},\"datePublished\":\"2018-09-06T19:02:39+00:00\",\"dateModified\":\"2024-03-25T09:22:00+00:00\",\"description\":\"Cr\u00e9ation graphique 2D et 3D, sound design, projections architecturales, parcours de lumi\u00e8res, mapping interactif, ateliers vid\u00e9o, mappings permanents, \u00e9v\u00e9nements et installations lumineuses avec tubes de leds 3D et boules de leds\",\"breadcrumb\":{\"@id\":\"https:\\\/\\\/www.electroson.fr\\\/#breadcrumb\"},\"inLanguage\":\"en-US\",\"potentialAction\":[{\"@type\":\"ReadAction\",\"target\":[\"https:\\\/\\\/www.electroson.fr\\\/\"]}]},{\"@type\":\"BreadcrumbList\",\"@id\":\"https:\\\/\\\/www.electroson.fr\\\/#breadcrumb\",\"itemListElement\":[{\"@type\":\"ListItem\",\"position\":1,\"name\":\"Home\",\"item\":\"https:\\\/\\\/www.electroson.fr\\\/\"},{\"@type\":\"ListItem\",\"position\":2,\"name\":\"Accueil\"}]},{\"@type\":\"WebSite\",\"@id\":\"https:\\\/\\\/www.electroson.fr\\\/#website\",\"url\":\"https:\\\/\\\/www.electroson.fr\\\/\",\"name\":\"Electroson Studio - Cr\u00e9ateurs de mappings vid\u00e9o\",\"description\":\"\",\"publisher\":{\"@id\":\"https:\\\/\\\/www.electroson.fr\\\/#organization\"},\"potentialAction\":[{\"@type\":\"SearchAction\",\"target\":{\"@type\":\"EntryPoint\",\"urlTemplate\":\"https:\\\/\\\/www.electroson.fr\\\/?s={search_term_string}\"},\"query-input\":{\"@type\":\"PropertyValueSpecification\",\"valueRequired\":true,\"valueName\":\"search_term_string\"}}],\"inLanguage\":\"en-US\"},{\"@type\":\"Organization\",\"@id\":\"https:\\\/\\\/www.electroson.fr\\\/#organization\",\"name\":\"Electroson Studio\",\"url\":\"https:\\\/\\\/www.electroson.fr\\\/\",\"logo\":{\"@type\":\"ImageObject\",\"inLanguage\":\"en-US\",\"@id\":\"https:\\\/\\\/www.electroson.fr\\\/#\\\/schema\\\/logo\\\/image\\\/\",\"url\":\"https:\\\/\\\/www.electroson.fr\\\/wp-content\\\/uploads\\\/2020\\\/05\\\/Logo-Electroson-Studio-2018-noir-transparent-grand.png\",\"contentUrl\":\"https:\\\/\\\/www.electroson.fr\\\/wp-content\\\/uploads\\\/2020\\\/05\\\/Logo-Electroson-Studio-2018-noir-transparent-grand.png\",\"width\":5400,\"height\":1440,\"caption\":\"Electroson Studio\"},\"image\":{\"@id\":\"https:\\\/\\\/www.electroson.fr\\\/#\\\/schema\\\/logo\\\/image\\\/\"},\"sameAs\":[\"https:\\\/\\\/www.facebook.com\\\/electroson.studio\",\"https:\\\/\\\/www.instagram.com\\\/electroson\\\/\",\"https:\\\/\\\/www.linkedin.com\\\/company\\\/electroson-studio\\\/\",\"https:\\\/\\\/www.youtube.com\\\/channel\\\/UCNweWo9JNw2byoR46hVcdSQ\\\/videos\"]}]}<\/script>\n<!-- \/ Yoast SEO plugin. -->","yoast_head_json":{"title":"Electroson Studio - Cr\u00e9ateurs de mappings vid\u00e9o &#8211; Accueil","description":"Cr\u00e9ation graphique 2D et 3D, sound design, projections architecturales, parcours de lumi\u00e8res, mapping interactif, ateliers vid\u00e9o, mappings permanents, \u00e9v\u00e9nements et installations lumineuses avec tubes de leds 3D et boules de leds","robots":{"index":"index","follow":"follow","max-snippet":"max-snippet:-1","max-image-preview":"max-image-preview:large","max-video-preview":"max-video-preview:-1"},"canonical":"https:\/\/www.electroson.fr\/en\/","og_locale":"en_US","og_type":"article","og_title":"Electroson Studio - Cr\u00e9ateurs de mappings vid\u00e9o &#8211; Accueil","og_description":"Cr\u00e9ation graphique 2D et 3D, sound design, projections architecturales, parcours de lumi\u00e8res, mapping interactif, ateliers vid\u00e9o, mappings permanents, \u00e9v\u00e9nements et installations lumineuses avec tubes de leds 3D et boules de leds","og_url":"https:\/\/www.electroson.fr\/en\/","og_site_name":"Electroson Studio - Cr\u00e9ateurs de mappings vid\u00e9o","article_publisher":"https:\/\/www.facebook.com\/electroson.studio","article_modified_time":"2024-03-25T09:22:00+00:00","twitter_card":"summary_large_image","twitter_misc":{"Est. reading time":"14 minutes"},"schema":{"@context":"https:\/\/schema.org","@graph":[{"@type":"WebPage","@id":"https:\/\/www.electroson.fr\/","url":"https:\/\/www.electroson.fr\/","name":"Electroson Studio - Cr\u00e9ateurs de mappings vid\u00e9o &#8211; Accueil","isPartOf":{"@id":"https:\/\/www.electroson.fr\/#website"},"datePublished":"2018-09-06T19:02:39+00:00","dateModified":"2024-03-25T09:22:00+00:00","description":"Cr\u00e9ation graphique 2D et 3D, sound design, projections architecturales, parcours de lumi\u00e8res, mapping interactif, ateliers vid\u00e9o, mappings permanents, \u00e9v\u00e9nements et installations lumineuses avec tubes de leds 3D et boules de leds","breadcrumb":{"@id":"https:\/\/www.electroson.fr\/#breadcrumb"},"inLanguage":"en-US","potentialAction":[{"@type":"ReadAction","target":["https:\/\/www.electroson.fr\/"]}]},{"@type":"BreadcrumbList","@id":"https:\/\/www.electroson.fr\/#breadcrumb","itemListElement":[{"@type":"ListItem","position":1,"name":"Home","item":"https:\/\/www.electroson.fr\/"},{"@type":"ListItem","position":2,"name":"Accueil"}]},{"@type":"WebSite","@id":"https:\/\/www.electroson.fr\/#website","url":"https:\/\/www.electroson.fr\/","name":"Electroson Studio - Creators of video mappings","description":"","publisher":{"@id":"https:\/\/www.electroson.fr\/#organization"},"potentialAction":[{"@type":"SearchAction","target":{"@type":"EntryPoint","urlTemplate":"https:\/\/www.electroson.fr\/?s={search_term_string}"},"query-input":{"@type":"PropertyValueSpecification","valueRequired":true,"valueName":"search_term_string"}}],"inLanguage":"en-US"},{"@type":"Organization","@id":"https:\/\/www.electroson.fr\/#organization","name":"Electroson Studio","url":"https:\/\/www.electroson.fr\/","logo":{"@type":"ImageObject","inLanguage":"en-US","@id":"https:\/\/www.electroson.fr\/#\/schema\/logo\/image\/","url":"https:\/\/www.electroson.fr\/wp-content\/uploads\/2020\/05\/Logo-Electroson-Studio-2018-noir-transparent-grand.png","contentUrl":"https:\/\/www.electroson.fr\/wp-content\/uploads\/2020\/05\/Logo-Electroson-Studio-2018-noir-transparent-grand.png","width":5400,"height":1440,"caption":"Electroson Studio"},"image":{"@id":"https:\/\/www.electroson.fr\/#\/schema\/logo\/image\/"},"sameAs":["https:\/\/www.facebook.com\/electroson.studio","https:\/\/www.instagram.com\/electroson\/","https:\/\/www.linkedin.com\/company\/electroson-studio\/","https:\/\/www.youtube.com\/channel\/UCNweWo9JNw2byoR46hVcdSQ\/videos"]}]}},"_links":{"self":[{"href":"https:\/\/www.electroson.fr\/en\/wp-json\/wp\/v2\/pages\/12","targetHints":{"allow":["GET"]}}],"collection":[{"href":"https:\/\/www.electroson.fr\/en\/wp-json\/wp\/v2\/pages"}],"about":[{"href":"https:\/\/www.electroson.fr\/en\/wp-json\/wp\/v2\/types\/page"}],"author":[{"embeddable":true,"href":"https:\/\/www.electroson.fr\/en\/wp-json\/wp\/v2\/users\/1"}],"replies":[{"embeddable":true,"href":"https:\/\/www.electroson.fr\/en\/wp-json\/wp\/v2\/comments?post=12"}],"version-history":[{"count":0,"href":"https:\/\/www.electroson.fr\/en\/wp-json\/wp\/v2\/pages\/12\/revisions"}],"wp:attachment":[{"href":"https:\/\/www.electroson.fr\/en\/wp-json\/wp\/v2\/media?parent=12"}],"curies":[{"name":"wp","href":"https:\/\/api.w.org\/{rel}","templated":true}]}}